{"id":2,"date":"2013-09-09T15:42:10","date_gmt":"2013-09-09T15:42:10","guid":{"rendered":"http:\/\/www.sylvias-mohntag.de\/?page_id=2"},"modified":"2017-01-16T21:15:03","modified_gmt":"2017-01-16T19:15:03","slug":"beispiel-seite","status":"publish","type":"page","link":"http:\/\/www.sylvias-mohntag.de\/?page_id=2","title":{"rendered":"\u00dcber mich"},"content":{"rendered":"<p><a href=\"http:\/\/www.sylvias-mohntag.de\/wp-content\/uploads\/2013\/09\/DSC_4326.jpg\"><img loading=\"lazy\" class=\"alignnone  wp-image-60\" src=\"http:\/\/www.sylvias-mohntag.de\/wp-content\/uploads\/2013\/09\/DSC_4326-1024x685.jpg\" alt=\"\" width=\"485\" height=\"261\" \/><\/a><\/p>\n<p>was gibts da zu sagen,<\/p>\n<p>ich bin vor\u00a050 Jahren in Rostock geb. , also ein Ossi, ein Fischkopf ;-).<br \/>\nRostock ist ne echt sch\u00f6ne Stadt, eine Reise dorthin kann ich jedem nur empfehlen.<\/p>\n<p>Nach vielen H\u00f6hen und Tiefen in meinem Leben habe ich mein Gl\u00fcck in Stuttgart gefunden.<\/p>\n<p>Vor\u00a010 Jahren habe ich mich Selbstst\u00e4ndig gemacht und arbeite seitdem als mobile Friseurin und Visagistin,<br \/>\nmehr dar\u00fcber k\u00f6nnt ihr auf meiner Seite www. sylvia-mobil.de erfahren.<\/p>\n<p><strong>Gleichg\u00fcltig was passiert in deinem Leben &#8211; bleib immer du Selbst<\/strong><\/p>\n<p>&nbsp;<\/p>\n","protected":false},"excerpt":{"rendered":"<p>was gibts da zu sagen, ich bin vor\u00a050 Jahren in Rostock geb. , also ein Ossi, ein Fischkopf ;-). Rostock ist ne echt sch\u00f6ne Stadt, eine Reise dorthin kann ich jedem nur empfehlen. Nach vielen H\u00f6hen und Tiefen in meinem Leben habe ich mein Gl\u00fcck in Stuttgart gefunden. Vor\u00a010 Jahren habe ich mich Selbstst\u00e4ndig gemacht [&hellip;]<\/p>\n","protected":false},"author":1,"featured_media":0,"parent":0,"menu_order":0,"comment_status":"open","ping_status":"open","template":"","meta":[],"_links":{"self":[{"href":"http:\/\/www.sylvias-mohntag.de\/index.php?rest_route=\/wp\/v2\/pages\/2"}],"collection":[{"href":"http:\/\/www.sylvias-mohntag.de\/index.php?rest_route=\/wp\/v2\/pages"}],"about":[{"href":"http:\/\/www.sylvias-mohntag.de\/index.php?rest_route=\/wp\/v2\/types\/page"}],"author":[{"embeddable":true,"href":"http:\/\/www.sylvias-mohntag.de\/index.php?rest_route=\/wp\/v2\/users\/1"}],"replies":[{"embeddable":true,"href":"http:\/\/www.sylvias-mohntag.de\/index.php?rest_route=%2Fwp%2Fv2%2Fcomments&post=2"}],"version-history":[{"count":9,"href":"http:\/\/www.sylvias-mohntag.de\/index.php?rest_route=\/wp\/v2\/pages\/2\/revisions"}],"predecessor-version":[{"id":636,"href":"http:\/\/www.sylvias-mohntag.de\/index.php?rest_route=\/wp\/v2\/pages\/2\/revisions\/636"}],"wp:attachment":[{"href":"http:\/\/www.sylvias-mohntag.de\/index.php?rest_route=%2Fwp%2Fv2%2Fmedia&parent=2"}],"curies":[{"name":"wp","href":"https:\/\/api.w.org\/{rel}","templated":true}]}}